{"id":74374,"date":"2022-11-02T15:48:21","date_gmt":"2022-11-02T15:48:21","guid":{"rendered":"https:\/\/www.multiforme.eu\/privacy-policy\/"},"modified":"2024-03-13T09:41:37","modified_gmt":"2024-03-13T09:41:37","slug":"privacy-policy","status":"publish","type":"page","link":"https:\/\/www.multiforme.eu\/en\/privacy-policy\/","title":{"rendered":"Privacy Policy"},"content":{"rendered":"\t\t<div data-elementor-type=\"wp-page\" data-elementor-id=\"74374\" class=\"elementor elementor-74374 elementor-74360\" data-elementor-post-type=\"page\">\n\t\t\t\t\t\t<section class=\"elementor-section elementor-top-section elementor-element elementor-element-09a0c49 elementor-section-boxed elementor-section-height-default elementor-section-height-default\" data-id=\"09a0c49\" data-element_type=\"section\">\n\t\t\t\t\t\t<div class=\"elementor-container elementor-column-gap-default\">\n\t\t\t\t\t<div class=\"elementor-column elementor-col-100 elementor-top-column elementor-element elementor-element-68582f0\" data-id=\"68582f0\" data-element_type=\"column\">\n\t\t\t<div class=\"elementor-widget-wrap elementor-element-populated\">\n\t\t\t\t\t\t<div class=\"elementor-element elementor-element-5fcbfa5 elementor-widget elementor-widget-heading\" data-id=\"5fcbfa5\" data-element_type=\"widget\" data-widget_type=\"heading.default\">\n\t\t\t\t<div class=\"elementor-widget-container\">\n\t\t\t\t\t<h1 class=\"elementor-heading-title elementor-size-default\">Privacy Policy<\/h1>\t\t\t\t<\/div>\n\t\t\t\t<\/div>\n\t\t\t\t<section class=\"elementor-section elementor-inner-section elementor-element elementor-element-1ea76f7 elementor-section-boxed elementor-section-height-default elementor-section-height-default\" data-id=\"1ea76f7\" data-element_type=\"section\">\n\t\t\t\t\t\t<div class=\"elementor-container elementor-column-gap-default\">\n\t\t\t\t\t<div class=\"elementor-column elementor-col-50 elementor-inner-column elementor-element elementor-element-4ca9c84\" data-id=\"4ca9c84\" data-element_type=\"column\">\n\t\t\t<div class=\"elementor-widget-wrap elementor-element-populated\">\n\t\t\t\t\t\t<div class=\"elementor-element elementor-element-865572c elementor-widget elementor-widget-heading\" data-id=\"865572c\" data-element_type=\"widget\" data-widget_type=\"heading.default\">\n\t\t\t\t<div class=\"elementor-widget-container\">\n\t\t\t\t\t<h2 class=\"elementor-heading-title elementor-size-default\">for website www.multiforme.eu<\/h2>\t\t\t\t<\/div>\n\t\t\t\t<\/div>\n\t\t\t\t\t<\/div>\n\t\t<\/div>\n\t\t\t\t<div class=\"elementor-column elementor-col-50 elementor-inner-column elementor-element elementor-element-668f694\" data-id=\"668f694\" data-element_type=\"column\">\n\t\t\t<div class=\"elementor-widget-wrap elementor-element-populated\">\n\t\t\t\t\t\t<div class=\"elementor-element elementor-element-30bd142 elementor-widget-divider--view-line elementor-widget elementor-widget-divider\" data-id=\"30bd142\" data-element_type=\"widget\" data-widget_type=\"divider.default\">\n\t\t\t\t<div class=\"elementor-widget-container\">\n\t\t\t\t\t\t\t<div class=\"elementor-divider\">\n\t\t\t<span class=\"elementor-divider-separator\">\n\t\t\t\t\t\t<\/span>\n\t\t<\/div>\n\t\t\t\t\t\t<\/div>\n\t\t\t\t<\/div>\n\t\t\t\t\t<\/div>\n\t\t<\/div>\n\t\t\t\t\t<\/div>\n\t\t<\/section>\n\t\t\t\t\t<\/div>\n\t\t<\/div>\n\t\t\t\t\t<\/div>\n\t\t<\/section>\n\t\t\t\t<section class=\"elementor-section elementor-top-section elementor-element elementor-element-08bd306 elementor-section-boxed elementor-section-height-default elementor-section-height-default\" data-id=\"08bd306\" data-element_type=\"section\">\n\t\t\t\t\t\t<div class=\"elementor-container elementor-column-gap-default\">\n\t\t\t\t\t<div class=\"elementor-column elementor-col-100 elementor-top-column elementor-element elementor-element-6183ecd\" data-id=\"6183ecd\" data-element_type=\"column\">\n\t\t\t<div class=\"elementor-widget-wrap elementor-element-populated\">\n\t\t\t\t\t\t<div class=\"elementor-element elementor-element-ba6d06a elementor-widget elementor-widget-text-editor\" data-id=\"ba6d06a\" data-element_type=\"widget\" data-widget_type=\"text-editor.default\">\n\t\t\t\t<div class=\"elementor-widget-container\">\n\t\t\t\t\t\t\t\t\t<p>Dear Visitor, following consultation of this website, data relating to identified or identifiable natural persons may be processed.<br \/>\nWith reference to this data processing, the following information is provided, also in accordance with Art. 13 of the European General Data Protection Regulation (EU Regulation 2016\/679), the validity of which is not extended to any other external websites consulted by the user via links on this website.<br \/>\nBy continuing to browse, and by subscribing to the service proposals contained in the various parts of the site (subscription to our newsletter, filling in forms to request information,), this general information on processing, as well as any specific information related to processing for different and specific purposes, is taken for granted, and the user explicitly gives his or her consent to the relevant processing. It is emphasised that consent is only valid if it comes from a person of full age or from a minor who is at least 14 years old (Art. 2 &#8211; quinques Legislative Decree 196 of 2003).<\/p>\n<p><strong>DATA CONTROLLER<\/strong><br \/>\nMULTIFORME s.a.s. di Zorzi Renata &amp; C. with head office in Via Montello II Tronco, 19 Trebaseleghe (PD) p.iva IT04349890287<\/p>\n<p><strong>TYPES OF DATA PROCESSED<\/strong><br \/>\nThe data acquired through contact forms consist of: telephone number, name, surname, company name, profession, country, email, city, sector of activity.<\/p>\n<p><strong>Navigation data<\/strong><br \/>\nThe computer systems and software procedures used to operate this website acquire, during their normal operation, some personal data whose transmission is implicit in the use of Internet communication protocols.<br \/>\nThis information is not collected in order to be associated with identified interested parties, but by its very nature could, through processing and association with data held by third parties, allow users to be identified.<br \/>\nThis category of data includes, for example, the IP addresses or domain names of the computers or other devices used by users who connect to the site, the URI (Uniform Resource Identifier) notation addresses of the resources requested, the time of the request, the method used to submit the request to the server, the size of the file obtained in response, the numerical code indicating the status of the response given by the server (successful, error, etc.) and other parameters relating to the user&#8217;s operating system and IT environment.<br \/>\nThese data are used for the sole purpose of obtaining anonymous statistical information on the use of the site and to check its correct operation, and are deleted immediately after processing.<br \/>\nFor further information: Cookies policy: <a href=\"https:\/\/www.multiforme.eu\/en\/cookie-policy\/\">https:\/\/www.multiforme.eu\/en\/cookie-policy\/<\/a><\/p>\n<p><strong>Data provided voluntarily by the user<\/strong><br \/>\nThe optional, explicit and voluntary sending of electronic mail to the addresses indicated on this site entails the subsequent acquisition of the sender&#8217;s address, which is necessary to reply to requests, as well as any other personal data included in the message. Specific summarised information is also reported or displayed in the sections of the site set up for particular services on request and subject, where appropriate, to the consent of the data subject (e.g. for newsletter subscription).<\/p>\n<p><strong>PURPOSE OF PROCESSING AND OPTIONAL NATURE OF PROVIDING DATA<\/strong><br \/>\nApart from what has been specified for navigation data and technical cookies, the user is free to provide his or her personal data through the use of specific forms or modules on the site to request the newsletter, information material or other communications and, more generally, for the purposes indicated in the relevant and specific information. Failure to provide them may make it impossible to obtain what has been requested.<\/p>\n<p><strong>MODALITA&#8217; DEL TRATTAMENTO<\/strong><br \/>\nLa nostra Societ\u00e0, quale titolare del trattamento, e ciascuno degli eventuali Responsabili esterni, gestir\u00e0 ed archivier\u00e0 con strumenti automatizzati e\/o cartacei i dati personali raccolti attraverso l\u2019utilizzo del sito e delle sue diverse funzionalit\u00e0 attivabili a richiesta dell\u2019utente, per il tempo strettamente necessario a conseguire gli scopi per cui sono stati raccolti o volontariamente comunicati dall\u2019utente.<br \/>\nSpecifiche misure di sicurezza, come prevede l\u2019art. 32 del Regolamento (UE) 2016\/679, sono osservate per prevenire la perdita dei dati, usi illeciti o non corretti ed accessi non autorizzati.<br \/>\nI dati vengono gestiti solo da personale autorizzato dal Titolare del trattamento.<br \/>\nIn nessun caso i dati saranno oggetto di diffusione.<br \/>\nSui predetti dati \u00e8 prevista attivit\u00e0 di profilazione personale dell\u2019utente con finalit\u00e0 di marketing ed analisi di dati statistici, secondo le modalit\u00e0 illustrate nella Cookie Policy.<br \/>\n<a href=\"https:\/\/www.multiforme.eu\/en\/cookie-policy\/\">https:\/\/www.multiforme.eu\/en\/cookie-policy\/<\/a><\/p>\n<p><strong>RIGHTS OF DATA SUBJECTS<\/strong><br \/>\nThe persons to whom the personal data processed refer are guaranteed all the rights set out in Articles 15, 16, 17, 18 of Regulation 679 (access with confirmation of the existence or otherwise of the processing of their data; rectification, erasure and restriction of processing when applicable).<br \/>\nThe user concerned has the right to object in any case, for legitimate reasons, to their processing.<br \/>\nRequests should be addressed<br \/>\n&#8211; by e-mail, to the address: info@multiforme.eu &#8211; or by post, to: Multiforme sas, Via Montello II, 19 &#8211; 35010 Trebaseleghe (PD) Italy<\/p>\n<p><strong>Processing of data acquired through contact forms for information requests only:<\/strong><br \/>\nThe data collected concerning you will be processed by MULTIFORME s.a.s. di Zorzi Renata &amp; C., with registered offices in Via Montello II Tronco, 19 Trebaseleghe (PD), in order to comply with your specific request. In view of the request made, where it concerns information on our authorised dealers, we would like to inform you that your data may be communicated to the local dealer in order to facilitate contact in this way. Furthermore, our company would be pleased to send you commercial communications regarding its products using your e-mail address.<br \/>\nOur company guarantees the utmost confidentiality in the processing of your data and the adoption of appropriate security measures, in line with the requirements of the regulations on privacy (General Regulation No. 679 \/2016 and Legislative Decree No. 196 of 2003).<br \/>\nThe data will be processed in paper and\/or computer or telematic form and will be used exclusively at the company itself in relation to our requirements to acquire new customers by sending business proposals and documents with promotional and illustrative content of our products.<br \/>\nFor the above-mentioned purposes, the aforementioned data will be kept by our company for 24 months unless the recipient exercises his or her rights, including those of opposition and cancellation, and may come to the attention of the following categories of appointees and\/or managers: marketing office, sales office.<br \/>\nIn the event that you consent to such use of your data, we remind you that, pursuant to General Regulation No. 679\/2016, you may exercise all the rights provided for in Articles 15 to 21 thereof, including the rights to access your data contained in our archives, to request their deletion or their rectification, updating and cancellation free of charge. You may also lodge a complaint with the Privacy Guarantor.<br \/>\nIn particular, at any time, you have the right to object, in whole or in part, to the processing in question by sending an e-mail to the following address: info@multiforme.eu<\/p>\n<p><strong>Processing of data acquired through contact forms with consent for sending newsletters:<\/strong><br \/>\nOur company, MULTIFORME s.a.s. di Zorzi Renata &amp; C., located in Via Montello II Tronco, 19 Trebaseleghe (PD), would be pleased to send you commercial information regarding its products using your e-mail address.<br \/>\nOur company guarantees the utmost confidentiality in the processing of your data and the adoption of appropriate security measures, in line with the requirements imposed by privacy regulations (General Regulation No. 679 \/2016 and Legislative Decree No. 196 of 2003).<br \/>\nThe data will be processed in paper and\/or computer or telematic form and will be used exclusively at the company itself in relation to our requirements to acquire new customers by sending business proposals and documents with promotional and illustrative content of our products.<br \/>\nFor the above-mentioned purposes, the aforementioned data will be kept by our company for 24 months, without prejudice to the recipient&#8217;s exercise of his or her rights, including those of opposition and cancellation, and may come to the attention of the following categories of appointees and\/or managers: marketing office, sales office.<br \/>\nIn the event that you consent to such use of your data, we remind you that, pursuant to General Regulation No. 679\/2016, you may exercise all the rights provided for in Articles 15 to 21 thereof, including the rights to access your data contained in our archives, to request their deletion or their rectification, updating and cancellation free of charge. You may also lodge a complaint with the Privacy Guarantor.<br \/>\nIn particular, at any time, you have the right to object, in whole or in part, to the processing in question by sending an e-mail to the following address info@multiforme.eu<\/p>\n\t\t\t\t\t\t\t\t<\/div>\n\t\t\t\t<\/div>\n\t\t\t\t\t<\/div>\n\t\t<\/div>\n\t\t\t\t\t<\/div>\n\t\t<\/section>\n\t\t\t\t<\/div>\n\t\t","protected":false},"excerpt":{"rendered":"<p>Privacy Policy for website www.multiforme.eu Dear Visitor, following consultation of this website, data relating to identified or identifiable natural persons may be processed. With reference to this data processing, the following information is provided, also in accordance with Art. 13 of the European General Data Protection Regulation (EU Regulation 2016\/679), the validity of which is [&hellip;]<\/p>\n","protected":false},"author":2,"featured_media":0,"parent":0,"menu_order":0,"comment_status":"closed","ping_status":"closed","template":"","meta":{"_acf_changed":false,"_mo_disable_npp":"","footnotes":""},"class_list":["post-74374","page","type-page","status-publish","hentry"],"acf":[],"yoast_head":"<!-- This site is optimized with the Yoast SEO plugin v26.7 - https:\/\/yoast.com\/wordpress\/plugins\/seo\/ -->\n<title>Privacy Policy | Multiforme<\/title>\n<meta name=\"robots\" content=\"index, follow, max-snippet:-1, max-image-preview:large, max-video-preview:-1\" \/>\n<link rel=\"canonical\" href=\"https:\/\/www.multiforme.eu\/en\/privacy-policy\/\" \/>\n<meta property=\"og:locale\" content=\"en_US\" \/>\n<meta property=\"og:type\" content=\"article\" \/>\n<meta property=\"og:title\" content=\"Privacy Policy | Multiforme\" \/>\n<meta property=\"og:description\" content=\"Privacy Policy for website www.multiforme.eu Dear Visitor, following consultation of this website, data relating to identified or identifiable natural persons may be processed. With reference to this data processing, the following information is provided, also in accordance with Art. 13 of the European General Data Protection Regulation (EU Regulation 2016\/679), the validity of which is [&hellip;]\" \/>\n<meta property=\"og:url\" content=\"https:\/\/www.multiforme.eu\/en\/privacy-policy\/\" \/>\n<meta property=\"og:site_name\" content=\"Multiforme\" \/>\n<meta property=\"article:publisher\" content=\"https:\/\/www.facebook.com\/MULTIFORME.lighting\" \/>\n<meta property=\"article:modified_time\" content=\"2024-03-13T09:41:37+00:00\" \/>\n<meta name=\"twitter:card\" content=\"summary_large_image\" \/>\n<meta name=\"twitter:label1\" content=\"Est. reading time\" \/>\n\t<meta name=\"twitter:data1\" content=\"7 minutes\" \/>\n<script type=\"application\/ld+json\" class=\"yoast-schema-graph\">{\"@context\":\"https:\/\/schema.org\",\"@graph\":[{\"@type\":\"WebPage\",\"@id\":\"https:\/\/www.multiforme.eu\/en\/privacy-policy\/\",\"url\":\"https:\/\/www.multiforme.eu\/en\/privacy-policy\/\",\"name\":\"Privacy Policy | Multiforme\",\"isPartOf\":{\"@id\":\"https:\/\/www.multiforme.eu\/en\/#website\"},\"datePublished\":\"2022-11-02T15:48:21+00:00\",\"dateModified\":\"2024-03-13T09:41:37+00:00\",\"breadcrumb\":{\"@id\":\"https:\/\/www.multiforme.eu\/en\/privacy-policy\/#breadcrumb\"},\"inLanguage\":\"en-US\",\"potentialAction\":[{\"@type\":\"ReadAction\",\"target\":[\"https:\/\/www.multiforme.eu\/en\/privacy-policy\/\"]}]},{\"@type\":\"BreadcrumbList\",\"@id\":\"https:\/\/www.multiforme.eu\/en\/privacy-policy\/#breadcrumb\",\"itemListElement\":[{\"@type\":\"ListItem\",\"position\":1,\"name\":\"Home\",\"item\":\"https:\/\/www.multiforme.eu\/en\/\"},{\"@type\":\"ListItem\",\"position\":2,\"name\":\"Privacy Policy\"}]},{\"@type\":\"WebSite\",\"@id\":\"https:\/\/www.multiforme.eu\/en\/#website\",\"url\":\"https:\/\/www.multiforme.eu\/en\/\",\"name\":\"MULTIFORME\",\"description\":\"Lampadari in vetro di Murano, stile classico e moderno, soluzioni di design per l&#039;illuminazione\",\"publisher\":{\"@id\":\"https:\/\/www.multiforme.eu\/en\/#organization\"},\"potentialAction\":[{\"@type\":\"SearchAction\",\"target\":{\"@type\":\"EntryPoint\",\"urlTemplate\":\"https:\/\/www.multiforme.eu\/en\/?s={search_term_string}\"},\"query-input\":{\"@type\":\"PropertyValueSpecification\",\"valueRequired\":true,\"valueName\":\"search_term_string\"}}],\"inLanguage\":\"en-US\"},{\"@type\":\"Organization\",\"@id\":\"https:\/\/www.multiforme.eu\/en\/#organization\",\"name\":\"MULTIFORME Lighting\",\"url\":\"https:\/\/www.multiforme.eu\/en\/\",\"logo\":{\"@type\":\"ImageObject\",\"inLanguage\":\"en-US\",\"@id\":\"https:\/\/www.multiforme.eu\/en\/#\/schema\/logo\/image\/\",\"url\":\"https:\/\/www.multiforme.eu\/wp-content\/uploads\/2018\/09\/MULTIFORME-logo-WO-2018-WEB.jpg\",\"contentUrl\":\"https:\/\/www.multiforme.eu\/wp-content\/uploads\/2018\/09\/MULTIFORME-logo-WO-2018-WEB.jpg\",\"width\":1000,\"height\":300,\"caption\":\"MULTIFORME Lighting\"},\"image\":{\"@id\":\"https:\/\/www.multiforme.eu\/en\/#\/schema\/logo\/image\/\"},\"sameAs\":[\"https:\/\/www.facebook.com\/MULTIFORME.lighting\"]}]}<\/script>\n<!-- \/ Yoast SEO plugin. -->","yoast_head_json":{"title":"Privacy Policy | Multiforme","robots":{"index":"index","follow":"follow","max-snippet":"max-snippet:-1","max-image-preview":"max-image-preview:large","max-video-preview":"max-video-preview:-1"},"canonical":"https:\/\/www.multiforme.eu\/en\/privacy-policy\/","og_locale":"en_US","og_type":"article","og_title":"Privacy Policy | Multiforme","og_description":"Privacy Policy for website www.multiforme.eu Dear Visitor, following consultation of this website, data relating to identified or identifiable natural persons may be processed. With reference to this data processing, the following information is provided, also in accordance with Art. 13 of the European General Data Protection Regulation (EU Regulation 2016\/679), the validity of which is [&hellip;]","og_url":"https:\/\/www.multiforme.eu\/en\/privacy-policy\/","og_site_name":"Multiforme","article_publisher":"https:\/\/www.facebook.com\/MULTIFORME.lighting","article_modified_time":"2024-03-13T09:41:37+00:00","twitter_card":"summary_large_image","twitter_misc":{"Est. reading time":"7 minutes"},"schema":{"@context":"https:\/\/schema.org","@graph":[{"@type":"WebPage","@id":"https:\/\/www.multiforme.eu\/en\/privacy-policy\/","url":"https:\/\/www.multiforme.eu\/en\/privacy-policy\/","name":"Privacy Policy | Multiforme","isPartOf":{"@id":"https:\/\/www.multiforme.eu\/en\/#website"},"datePublished":"2022-11-02T15:48:21+00:00","dateModified":"2024-03-13T09:41:37+00:00","breadcrumb":{"@id":"https:\/\/www.multiforme.eu\/en\/privacy-policy\/#breadcrumb"},"inLanguage":"en-US","potentialAction":[{"@type":"ReadAction","target":["https:\/\/www.multiforme.eu\/en\/privacy-policy\/"]}]},{"@type":"BreadcrumbList","@id":"https:\/\/www.multiforme.eu\/en\/privacy-policy\/#breadcrumb","itemListElement":[{"@type":"ListItem","position":1,"name":"Home","item":"https:\/\/www.multiforme.eu\/en\/"},{"@type":"ListItem","position":2,"name":"Privacy Policy"}]},{"@type":"WebSite","@id":"https:\/\/www.multiforme.eu\/en\/#website","url":"https:\/\/www.multiforme.eu\/en\/","name":"MULTIFORME","description":"Lampadari in vetro di Murano, stile classico e moderno, soluzioni di design per l&#039;illuminazione","publisher":{"@id":"https:\/\/www.multiforme.eu\/en\/#organization"},"potentialAction":[{"@type":"SearchAction","target":{"@type":"EntryPoint","urlTemplate":"https:\/\/www.multiforme.eu\/en\/?s={search_term_string}"},"query-input":{"@type":"PropertyValueSpecification","valueRequired":true,"valueName":"search_term_string"}}],"inLanguage":"en-US"},{"@type":"Organization","@id":"https:\/\/www.multiforme.eu\/en\/#organization","name":"MULTIFORME Lighting","url":"https:\/\/www.multiforme.eu\/en\/","logo":{"@type":"ImageObject","inLanguage":"en-US","@id":"https:\/\/www.multiforme.eu\/en\/#\/schema\/logo\/image\/","url":"https:\/\/www.multiforme.eu\/wp-content\/uploads\/2018\/09\/MULTIFORME-logo-WO-2018-WEB.jpg","contentUrl":"https:\/\/www.multiforme.eu\/wp-content\/uploads\/2018\/09\/MULTIFORME-logo-WO-2018-WEB.jpg","width":1000,"height":300,"caption":"MULTIFORME Lighting"},"image":{"@id":"https:\/\/www.multiforme.eu\/en\/#\/schema\/logo\/image\/"},"sameAs":["https:\/\/www.facebook.com\/MULTIFORME.lighting"]}]}},"_links":{"self":[{"href":"https:\/\/www.multiforme.eu\/en\/wp-json\/wp\/v2\/pages\/74374","targetHints":{"allow":["GET"]}}],"collection":[{"href":"https:\/\/www.multiforme.eu\/en\/wp-json\/wp\/v2\/pages"}],"about":[{"href":"https:\/\/www.multiforme.eu\/en\/wp-json\/wp\/v2\/types\/page"}],"author":[{"embeddable":true,"href":"https:\/\/www.multiforme.eu\/en\/wp-json\/wp\/v2\/users\/2"}],"replies":[{"embeddable":true,"href":"https:\/\/www.multiforme.eu\/en\/wp-json\/wp\/v2\/comments?post=74374"}],"version-history":[{"count":0,"href":"https:\/\/www.multiforme.eu\/en\/wp-json\/wp\/v2\/pages\/74374\/revisions"}],"wp:attachment":[{"href":"https:\/\/www.multiforme.eu\/en\/wp-json\/wp\/v2\/media?parent=74374"}],"curies":[{"name":"wp","href":"https:\/\/api.w.org\/{rel}","templated":true}]}}